{"id":11459,"date":"2024-08-11T15:34:12","date_gmt":"2024-08-11T13:34:12","guid":{"rendered":"https:\/\/www.mennyegzom.hu\/?page_id=11459"},"modified":"2024-09-07T22:40:47","modified_gmt":"2024-09-07T20:40:47","slug":"uber-uns","status":"publish","type":"page","link":"https:\/\/www.menyegzom.hu\/de\/uber-uns\/","title":{"rendered":"\u00dcber uns"},"content":{"rendered":"\t\t<div data-elementor-type=\"wp-page\" data-elementor-id=\"11459\" class=\"elementor elementor-11459 elementor-85\" data-elementor-post-type=\"page\">\n\t\t\t\t<div class=\"elementor-element elementor-element-80eddc1 e-con-full e-flex e-con e-parent\" data-id=\"80eddc1\" data-element_type=\"container\" data-e-type=\"container\" data-settings=\"{&quot;background_background&quot;:&quot;classic&quot;}\">\n\t\t<div class=\"elementor-element elementor-element-bf9c1b6 e-con-full e-flex e-con e-child\" data-id=\"bf9c1b6\" data-element_type=\"container\" data-e-type=\"container\">\n\t\t\t\t<div class=\"elementor-element elementor-element-17c6615 elementor-widget elementor-widget-heading\" data-id=\"17c6615\" data-element_type=\"widget\" data-e-type=\"widget\" data-widget_type=\"heading.default\">\n\t\t\t\t<div class=\"elementor-widget-container\">\n\t\t\t\t\t<h6 class=\"elementor-heading-title elementor-size-default\">Ars Poetica<\/h6>\t\t\t\t<\/div>\n\t\t\t\t<\/div>\n\t\t\t\t<div class=\"elementor-element elementor-element-69e65a7 elementor-widget elementor-widget-heading\" data-id=\"69e65a7\" data-element_type=\"widget\" data-e-type=\"widget\" data-widget_type=\"heading.default\">\n\t\t\t\t<div class=\"elementor-widget-container\">\n\t\t\t\t\t<h2 class=\"elementor-heading-title elementor-size-default\">Vertrauen ist der Schl\u00fcsse<\/h2>\t\t\t\t<\/div>\n\t\t\t\t<\/div>\n\t\t\t\t<\/div>\n\t\t\t\t<\/div>\n\t\t<div class=\"elementor-element elementor-element-da8835c e-flex e-con-boxed e-con e-parent\" data-id=\"da8835c\" data-element_type=\"container\" data-e-type=\"container\" data-settings=\"{&quot;background_background&quot;:&quot;classic&quot;}\">\n\t\t\t\t\t<div class=\"e-con-inner\">\n\t\t<div class=\"elementor-element elementor-element-f5d7b98 e-con-full e-flex e-con e-child\" data-id=\"f5d7b98\" data-element_type=\"container\" data-e-type=\"container\">\n\t\t<div class=\"elementor-element elementor-element-11d62e7 e-flex e-con-boxed e-con e-child\" data-id=\"11d62e7\" data-element_type=\"container\" data-e-type=\"container\" data-settings=\"{&quot;background_background&quot;:&quot;classic&quot;}\">\n\t\t\t\t\t<div class=\"e-con-inner\">\n\t\t<div class=\"elementor-element elementor-element-dcb6b67 e-con-full e-flex e-con e-child\" data-id=\"dcb6b67\" data-element_type=\"container\" data-e-type=\"container\" data-settings=\"{&quot;background_background&quot;:&quot;classic&quot;}\">\n\t\t\t\t<div class=\"elementor-element elementor-element-9ec7eca elementor-widget elementor-widget-heading\" data-id=\"9ec7eca\" data-element_type=\"widget\" data-e-type=\"widget\" data-widget_type=\"heading.default\">\n\t\t\t\t<div class=\"elementor-widget-container\">\n\t\t\t\t\t<h6 class=\"elementor-heading-title elementor-size-default\">\u00dcber uns<\/h6>\t\t\t\t<\/div>\n\t\t\t\t<\/div>\n\t\t\t\t<div class=\"elementor-element elementor-element-9df935b elementor-widget elementor-widget-heading\" data-id=\"9df935b\" data-element_type=\"widget\" data-e-type=\"widget\" data-widget_type=\"heading.default\">\n\t\t\t\t<div class=\"elementor-widget-container\">\n\t\t\t\t\t<h2 class=\"elementor-heading-title elementor-size-default\">F\u00fcr uns ist Vertrauen das Wichtigste<\/h2>\t\t\t\t<\/div>\n\t\t\t\t<\/div>\n\t\t\t\t<div class=\"elementor-element elementor-element-2c538a5 elementor-widget elementor-widget-text-editor\" data-id=\"2c538a5\" data-element_type=\"widget\" data-e-type=\"widget\" data-widget_type=\"text-editor.default\">\n\t\t\t\t<div class=\"elementor-widget-container\">\n\t\t\t\t\t\t\t\t\t<div class=\"lRu31\" dir=\"ltr\"><p><span class=\"HwtZe\" lang=\"de\"><span class=\"jCAhz ChMk0b\"><span class=\"ryNqvb\">Vertrauen umfasst alles.<\/span><\/span> <span class=\"jCAhz\"><span class=\"ryNqvb\">Verantwortung, Praxis, K\u00f6nnen, Empathie.<\/span><\/span> <span class=\"jCAhz ChMk0b\"><span class=\"ryNqvb\">Die gemeinsame Arbeit beginnt mit Vertrauen und bleibt auch nach der \u00dcbergabe der Bilder bestehen.<\/span><\/span><\/span><\/p><div><span class=\"HwtZe\" lang=\"de\"><span class=\"jCAhz ChMk0b\"><span class=\"ryNqvb\">Wir sind seit mehr als zwei Jahrzehnten auf dem Feld t\u00e4tig und haben in dieser Zeit bei unz\u00e4hligen Veranstaltungen, Partys und Hochzeiten f\u00fcr nationale und internationale Auftr\u00e4ge fotografiert, gefilmt und Portr\u00e4ts angefertigt.<\/span><\/span><\/span><\/div><div id=\"ow134\"><div class=\"lRu31\" dir=\"ltr\"><div>\u00a0<\/div><div class=\"OvtS8d\"><span class=\"HwtZe\" lang=\"de\"><span class=\"jCAhz ChMk0b\"><span class=\"ryNqvb\">Wir verzichten auf Vorlagen, Vintage und modische Klischees, das Angebot der Konkurrenz ist voll davon.<\/span><\/span> <span class=\"jCAhz ChMk0b\"><span class=\"ryNqvb\">Sie werden in ein paar Jahren aus der Mode kommen.<\/span><\/span> <span class=\"jCAhz ChMk0b\"><span class=\"ryNqvb\">Unsere Anerkennung ist Zufriedenheit und die n\u00e4chste Bestellung.<\/span><\/span> <span class=\"jCAhz ChMk0b\"><span class=\"ryNqvb\">Wir sind bekannt f\u00fcr unseren Stil voller Deals und festgehaltener Momente.<\/span><\/span> <span class=\"jCAhz\"><span class=\"ryNqvb\">Das ist die gr\u00f6\u00dfere Aufgabe.<\/span><\/span> <span class=\"jCAhz ChMk0b\"><span class=\"ryNqvb\">Wir gehen den schwierigen Weg, aber wir glauben, dass nur dieser von Dauer ist.<\/span><\/span><\/span><\/div><div id=\"ow135\"><div class=\"lRu31\" dir=\"ltr\"><div><div dir=\"ltr\">\u00a0<\/div><div dir=\"ltr\"><strong><span class=\"HwtZe\" lang=\"de\"><span class=\"jCAhz ChMk0b\"><span class=\"ryNqvb\">Viele Menschen k\u00f6nnen Professionalit\u00e4t erreichen.<\/span><\/span> <span class=\"jCAhz ChMk0b\"><span class=\"ryNqvb\">Viel weniger Vertrauen.<\/span><\/span><\/span><\/strong><\/div><div class=\"lRu31\" dir=\"ltr\"><div class=\"OvtS8d\">\u00a0<\/div><div id=\"ow137\"><span class=\"HwtZe\" lang=\"de\"><span class=\"jCAhz ChMk0b\"><span class=\"ryNqvb\">Wir sind daf\u00fcr verantwortlich, einen der sch\u00f6nsten Tage Ihres Lebens festzuhalten und in Bildern zur Erinnerung zu machen, damit er auch in Jahrzehnten noch frisch, authentisch und erschwinglich bleibt.<\/span><\/span> <span class=\"jCAhz ChMk0b\"><span class=\"ryNqvb\">Auf dieser Ebene \u00fcbernehmen wir die Produktion von Fotos und Videos Ihrer Hochzeit, wenn Sie uns Ihr Vertrauen schenken.<\/span><\/span><\/span><\/div><\/div><\/div><\/div><\/div><\/div><\/div><\/div>\t\t\t\t\t\t\t\t<\/div>\n\t\t\t\t<\/div>\n\t\t\t\t<\/div>\n\t\t\t\t\t<\/div>\n\t\t\t\t<\/div>\n\t\t\t\t<\/div>\n\t\t<div class=\"elementor-element elementor-element-05d0ea2 e-con-full e-flex e-con e-child\" data-id=\"05d0ea2\" data-element_type=\"container\" data-e-type=\"container\" data-settings=\"{&quot;animation&quot;:&quot;none&quot;}\">\n\t\t\t\t<div class=\"elementor-element elementor-element-2e7c1a2 elementor-widget elementor-widget-image\" data-id=\"2e7c1a2\" data-element_type=\"widget\" data-e-type=\"widget\" data-widget_type=\"image.default\">\n\t\t\t\t<div class=\"elementor-widget-container\">\n\t\t\t\t\t\t\t\t\t\t\t\t\t\t\t<img fetchpriority=\"high\" decoding=\"async\" width=\"2000\" height=\"1333\" src=\"https:\/\/www.menyegzom.hu\/wp-content\/uploads\/2024\/08\/VAA_1838-copy.jpg\" class=\"attachment-full size-full wp-image-9228\" alt=\"\" srcset=\"https:\/\/www.menyegzom.hu\/wp-content\/uploads\/2024\/08\/VAA_1838-copy.jpg 2000w, https:\/\/www.menyegzom.hu\/wp-content\/uploads\/2024\/08\/VAA_1838-copy-300x200.jpg 300w, https:\/\/www.menyegzom.hu\/wp-content\/uploads\/2024\/08\/VAA_1838-copy-1024x682.jpg 1024w, https:\/\/www.menyegzom.hu\/wp-content\/uploads\/2024\/08\/VAA_1838-copy-768x512.jpg 768w, https:\/\/www.menyegzom.hu\/wp-content\/uploads\/2024\/08\/VAA_1838-copy-1536x1024.jpg 1536w\" sizes=\"(max-width: 2000px) 100vw, 2000px\" \/>\t\t\t\t\t\t\t\t\t\t\t\t\t\t\t<\/div>\n\t\t\t\t<\/div>\n\t\t<div class=\"elementor-element elementor-element-4f54c01 e-con-full e-flex e-con e-child\" data-id=\"4f54c01\" data-element_type=\"container\" data-e-type=\"container\" data-settings=\"{&quot;background_background&quot;:&quot;classic&quot;}\">\n\t\t\t\t<div class=\"elementor-element elementor-element-7040b78 elementor-widget elementor-widget-text-editor\" data-id=\"7040b78\" data-element_type=\"widget\" data-e-type=\"widget\" data-widget_type=\"text-editor.default\">\n\t\t\t\t<div class=\"elementor-widget-container\">\n\t\t\t\t\t\t\t\t\t<p><span class=\"HwtZe\" lang=\"de\"><span class=\"jCAhz ChMk0b\"><span class=\"ryNqvb\">Unsere gemeinsame Arbeit beginnt beim ersten Treffen.<\/span><\/span> <span class=\"jCAhz ChMk0b\"><span class=\"ryNqvb\">Wir besprechen, wie Sie sich das gesamte Fotoalbum vorstellen.<\/span><\/span> <span class=\"jCAhz ChMk0b\"><span class=\"ryNqvb\">In welchem \u200b\u200bStil, welcher Farbgebung und visuellen Herangehensweise sollten wir arbeiten?<\/span><\/span> <span class=\"jCAhz ChMk0b\"><span class=\"ryNqvb\">Sie stellen es sich vor, wir machen es m\u00f6glich.<\/span><\/span><\/span><\/p><p><span style=\"text-align: var(--text-align); color: var( --e-global-color-primary ); font-family: var( --e-global-typography-b2ce6af-font-family ), Sans-serif; font-size: var( --e-global-typography-b2ce6af-font-size ); font-style: var( --e-global-typography-b2ce6af-font-style ); font-weight: var( --e-global-typography-b2ce6af-font-weight ); text-transform: var( --e-global-typography-b2ce6af-text-transform );\"><span class=\"HwtZe\" lang=\"de\"><span class=\"jCAhz ChMk0b\"><span class=\"ryNqvb\">Das aus mehreren Werken ausgew\u00e4hlte \u201eBest of\u201c-Foto spiegelt unserer Meinung nach weder das Bildmaterial eines ganzen Tages noch die F\u00e4higkeiten des Fotografen und Videofilmers wider.<\/span><\/span> <span class=\"jCAhz ChMk0b\"><span class=\"ryNqvb\">Das ist die gr\u00f6\u00dfte Falle f\u00fcr ein verlobtes Paar.<\/span><\/span> <span class=\"jCAhz ChMk0b\"><span class=\"ryNqvb\">Schauen wir uns gemeinsam die Bilder und das Video der letzten kompletten Hochzeit an!<\/span><\/span> <span class=\"jCAhz\"><span class=\"ryNqvb\">Einige Bilder in mehreren Farbt\u00f6nen.<\/span><\/span><\/span><\/span><\/p><p><span class=\"HwtZe\" lang=\"de\"><span class=\"jCAhz ChMk0b\"><span class=\"ryNqvb\">Beurteilen Sie nicht nach dem Mobiltelefon!<\/span><\/span> <span class=\"jCAhz ChMk0b\"><span class=\"ryNqvb\">Wir empfehlen Ihnen, die Bilder, die Sie sch\u00f6n finden, auf Ihrem Mobiltelefon auf einem gro\u00dfen Bildschirm zu Hause, auf einem normalen Monitor, anzusehen.<\/span><\/span> <span class=\"jCAhz ChMk0b\"><span class=\"ryNqvb\">Nicht der gleiche Eindruck.<\/span><\/span> <span class=\"jCAhz\"><span class=\"ryNqvb\">Wir helfen Ihnen bei der Navigation.<\/span><\/span><\/span><\/p><div class=\"lRu31\" dir=\"ltr\"><span class=\"HwtZe\" lang=\"de\"><span class=\"jCAhz ChMk0b\"><span class=\"ryNqvb\">Meistens beleuchten wir die Location auch mit unseren eigenen Leuchten.<\/span><\/span> <span class=\"jCAhz\"><span class=\"ryNqvb\">Dies ist ein seltener Eingriff in Ungarn, im Ausland jedoch noch h\u00e4ufiger.<\/span><\/span> <span class=\"jCAhz ChMk0b\"><span class=\"ryNqvb\">Das Ergebnis ist ein sch\u00f6neres, lebendigeres und dreidimensionaleres Material.<\/span><\/span><\/span><div class=\"OvtS8d\">\u00a0<\/div><div id=\"ow155\"><div class=\"lRu31\" dir=\"ltr\"><span class=\"HwtZe\" lang=\"de\"><span class=\"jCAhz ChMk0b\"><span class=\"ryNqvb\">Wir tun alles, was wir k\u00f6nnen, um den besten Service zu bieten, frisch zu bleiben und nach den von uns geforderten Standards zu arbeiten.<\/span><\/span> <span class=\"jCAhz ChMk0b\"><span class=\"ryNqvb\">Wir haben es in Stein gemei\u00dfelt, dass die Qualit\u00e4t der professionellen Aufnahmen nie unter ein bestimmtes Niveau f\u00e4llt.<\/span><\/span> <span class=\"jCAhz ChMk0b\"><span class=\"ryNqvb\">Unsere Arbeit wird nicht von der Hochzeitsbranche, sondern vom Fotojournalismus \u00fcberwacht.<\/span><\/span> <span class=\"jCAhz\"><span class=\"ryNqvb\">Fehler werden dort nicht toleriert.<\/span><\/span> \u00a0\u00a0\u00a0 <span class=\"jCAhz\"><span class=\"ryNqvb\">Wir auch nicht.<\/span><\/span> <span class=\"jCAhz ChMk0b\"><span class=\"ryNqvb\">Wir geh\u00f6ren zu ihnen.<\/span><\/span><\/span><div class=\"OvtS8d\">\u00a0<\/div><div id=\"ow156\">\u00a0<\/div><\/div><div class=\"UdTY9 WdefRb\" aria-hidden=\"true\" data-location=\"2\"><div class=\"kO6q6e\">\u00a0<\/div><\/div><\/div><\/div>\t\t\t\t\t\t\t\t<\/div>\n\t\t\t\t<\/div>\n\t\t\t\t<\/div>\n\t\t\t\t<\/div>\n\t\t\t\t\t<\/div>\n\t\t\t\t<\/div>\n\t\t\t\t<\/div>\n\t\t","protected":false},"excerpt":{"rendered":"<p>Ars Poetica Vertrauen ist der Schl\u00fcsse \u00dcber uns F\u00fcr uns ist Vertrauen das Wichtigste Vertrauen umfasst alles. Verantwortung, Praxis, K\u00f6nnen, Empathie. Die gemeinsame Arbeit beginnt mit Vertrauen und bleibt auch nach der \u00dcbergabe der Bilder bestehen. Wir sind seit mehr als zwei Jahrzehnten auf dem Feld t\u00e4tig und haben in dieser Zeit bei unz\u00e4hligen Veranstaltungen, &#8230; <a title=\"\u00dcber uns\" class=\"read-more\" href=\"https:\/\/www.menyegzom.hu\/de\/uber-uns\/\" aria-label=\"Mehr Informationen \u00fcber \u00dcber uns\">Weiterlesen<\/a><\/p>\n","protected":false},"author":2,"featured_media":0,"parent":0,"menu_order":0,"comment_status":"closed","ping_status":"closed","template":"elementor_header_footer","meta":{"footnotes":""},"class_list":["post-11459","page","type-page","status-publish"],"yoast_head":"<!-- This site is optimized with the Yoast SEO plugin v27.5 - https:\/\/yoast.com\/product\/yoast-seo-wordpress\/ -->\n<title>\u00dcber uns - Menyegz\u0151m<\/title>\n<meta name=\"robots\" content=\"index, follow, max-snippet:-1, max-image-preview:large, max-video-preview:-1\" \/>\n<link rel=\"canonical\" href=\"https:\/\/www.menyegzom.hu\/de\/uber-uns\/\" \/>\n<meta property=\"og:locale\" content=\"de_DE\" \/>\n<meta property=\"og:type\" content=\"article\" \/>\n<meta property=\"og:title\" content=\"\u00dcber uns - Menyegz\u0151m\" \/>\n<meta property=\"og:description\" content=\"Ars Poetica Vertrauen ist der Schl\u00fcsse \u00dcber uns F\u00fcr uns ist Vertrauen das Wichtigste Vertrauen umfasst alles. Verantwortung, Praxis, K\u00f6nnen, Empathie. Die gemeinsame Arbeit beginnt mit Vertrauen und bleibt auch nach der \u00dcbergabe der Bilder bestehen. Wir sind seit mehr als zwei Jahrzehnten auf dem Feld t\u00e4tig und haben in dieser Zeit bei unz\u00e4hligen Veranstaltungen, ... Weiterlesen\" \/>\n<meta property=\"og:url\" content=\"https:\/\/www.menyegzom.hu\/de\/uber-uns\/\" \/>\n<meta property=\"og:site_name\" content=\"Menyegz\u0151m\" \/>\n<meta property=\"article:modified_time\" content=\"2024-09-07T20:40:47+00:00\" \/>\n<meta property=\"og:image\" content=\"https:\/\/www.menyegzom.hu\/wp-content\/uploads\/2024\/08\/VAA_1838-copy.jpg\" \/>\n<meta name=\"twitter:card\" content=\"summary_large_image\" \/>\n<meta name=\"twitter:label1\" content=\"Gesch\u00e4tzte Lesezeit\" \/>\n\t<meta name=\"twitter:data1\" content=\"3\u00a0Minuten\" \/>\n<script type=\"application\/ld+json\" class=\"yoast-schema-graph\">{\"@context\":\"https:\\\/\\\/schema.org\",\"@graph\":[{\"@type\":\"WebPage\",\"@id\":\"https:\\\/\\\/www.menyegzom.hu\\\/de\\\/uber-uns\\\/\",\"url\":\"https:\\\/\\\/www.menyegzom.hu\\\/de\\\/uber-uns\\\/\",\"name\":\"\u00dcber uns - Menyegz\u0151m\",\"isPartOf\":{\"@id\":\"https:\\\/\\\/www.menyegzom.hu\\\/#website\"},\"primaryImageOfPage\":{\"@id\":\"https:\\\/\\\/www.menyegzom.hu\\\/de\\\/uber-uns\\\/#primaryimage\"},\"image\":{\"@id\":\"https:\\\/\\\/www.menyegzom.hu\\\/de\\\/uber-uns\\\/#primaryimage\"},\"thumbnailUrl\":\"https:\\\/\\\/www.menyegzom.hu\\\/wp-content\\\/uploads\\\/2024\\\/08\\\/VAA_1838-copy.jpg\",\"datePublished\":\"2024-08-11T13:34:12+00:00\",\"dateModified\":\"2024-09-07T20:40:47+00:00\",\"breadcrumb\":{\"@id\":\"https:\\\/\\\/www.menyegzom.hu\\\/de\\\/uber-uns\\\/#breadcrumb\"},\"inLanguage\":\"de\",\"potentialAction\":[{\"@type\":\"ReadAction\",\"target\":[\"https:\\\/\\\/www.menyegzom.hu\\\/de\\\/uber-uns\\\/\"]}]},{\"@type\":\"ImageObject\",\"inLanguage\":\"de\",\"@id\":\"https:\\\/\\\/www.menyegzom.hu\\\/de\\\/uber-uns\\\/#primaryimage\",\"url\":\"https:\\\/\\\/www.menyegzom.hu\\\/wp-content\\\/uploads\\\/2024\\\/08\\\/VAA_1838-copy.jpg\",\"contentUrl\":\"https:\\\/\\\/www.menyegzom.hu\\\/wp-content\\\/uploads\\\/2024\\\/08\\\/VAA_1838-copy.jpg\"},{\"@type\":\"BreadcrumbList\",\"@id\":\"https:\\\/\\\/www.menyegzom.hu\\\/de\\\/uber-uns\\\/#breadcrumb\",\"itemListElement\":[{\"@type\":\"ListItem\",\"position\":1,\"name\":\"Kezd\u0151lap\",\"item\":\"https:\\\/\\\/www.menyegzom.hu\\\/de\\\/\"},{\"@type\":\"ListItem\",\"position\":2,\"name\":\"\u00dcber uns\"}]},{\"@type\":\"WebSite\",\"@id\":\"https:\\\/\\\/www.menyegzom.hu\\\/#website\",\"url\":\"https:\\\/\\\/www.menyegzom.hu\\\/\",\"name\":\"Mennyegz\u0151m\",\"description\":\"Professzion\u00e1lis fot\u00f3k \u00e9s vide\u00f3k\",\"publisher\":{\"@id\":\"https:\\\/\\\/www.menyegzom.hu\\\/#organization\"},\"potentialAction\":[{\"@type\":\"SearchAction\",\"target\":{\"@type\":\"EntryPoint\",\"urlTemplate\":\"https:\\\/\\\/www.menyegzom.hu\\\/?s={search_term_string}\"},\"query-input\":{\"@type\":\"PropertyValueSpecification\",\"valueRequired\":true,\"valueName\":\"search_term_string\"}}],\"inLanguage\":\"de\"},{\"@type\":\"Organization\",\"@id\":\"https:\\\/\\\/www.menyegzom.hu\\\/#organization\",\"name\":\"Mennyegz\u0151m\",\"url\":\"https:\\\/\\\/www.menyegzom.hu\\\/\",\"logo\":{\"@type\":\"ImageObject\",\"inLanguage\":\"de\",\"@id\":\"https:\\\/\\\/www.menyegzom.hu\\\/#\\\/schema\\\/logo\\\/image\\\/\",\"url\":\"https:\\\/\\\/www.mennyegzom.hu\\\/wp-content\\\/uploads\\\/2024\\\/08\\\/favicon-mny.png\",\"contentUrl\":\"https:\\\/\\\/www.mennyegzom.hu\\\/wp-content\\\/uploads\\\/2024\\\/08\\\/favicon-mny.png\",\"width\":512,\"height\":512,\"caption\":\"Mennyegz\u0151m\"},\"image\":{\"@id\":\"https:\\\/\\\/www.menyegzom.hu\\\/#\\\/schema\\\/logo\\\/image\\\/\"}}]}<\/script>\n<!-- \/ Yoast SEO plugin. -->","yoast_head_json":{"title":"\u00dcber uns - Menyegz\u0151m","robots":{"index":"index","follow":"follow","max-snippet":"max-snippet:-1","max-image-preview":"max-image-preview:large","max-video-preview":"max-video-preview:-1"},"canonical":"https:\/\/www.menyegzom.hu\/de\/uber-uns\/","og_locale":"de_DE","og_type":"article","og_title":"\u00dcber uns - Menyegz\u0151m","og_description":"Ars Poetica Vertrauen ist der Schl\u00fcsse \u00dcber uns F\u00fcr uns ist Vertrauen das Wichtigste Vertrauen umfasst alles. Verantwortung, Praxis, K\u00f6nnen, Empathie. Die gemeinsame Arbeit beginnt mit Vertrauen und bleibt auch nach der \u00dcbergabe der Bilder bestehen. Wir sind seit mehr als zwei Jahrzehnten auf dem Feld t\u00e4tig und haben in dieser Zeit bei unz\u00e4hligen Veranstaltungen, ... Weiterlesen","og_url":"https:\/\/www.menyegzom.hu\/de\/uber-uns\/","og_site_name":"Menyegz\u0151m","article_modified_time":"2024-09-07T20:40:47+00:00","og_image":[{"url":"https:\/\/www.menyegzom.hu\/wp-content\/uploads\/2024\/08\/VAA_1838-copy.jpg","type":"","width":"","height":""}],"twitter_card":"summary_large_image","twitter_misc":{"Gesch\u00e4tzte Lesezeit":"3\u00a0Minuten"},"schema":{"@context":"https:\/\/schema.org","@graph":[{"@type":"WebPage","@id":"https:\/\/www.menyegzom.hu\/de\/uber-uns\/","url":"https:\/\/www.menyegzom.hu\/de\/uber-uns\/","name":"\u00dcber uns - Menyegz\u0151m","isPartOf":{"@id":"https:\/\/www.menyegzom.hu\/#website"},"primaryImageOfPage":{"@id":"https:\/\/www.menyegzom.hu\/de\/uber-uns\/#primaryimage"},"image":{"@id":"https:\/\/www.menyegzom.hu\/de\/uber-uns\/#primaryimage"},"thumbnailUrl":"https:\/\/www.menyegzom.hu\/wp-content\/uploads\/2024\/08\/VAA_1838-copy.jpg","datePublished":"2024-08-11T13:34:12+00:00","dateModified":"2024-09-07T20:40:47+00:00","breadcrumb":{"@id":"https:\/\/www.menyegzom.hu\/de\/uber-uns\/#breadcrumb"},"inLanguage":"de","potentialAction":[{"@type":"ReadAction","target":["https:\/\/www.menyegzom.hu\/de\/uber-uns\/"]}]},{"@type":"ImageObject","inLanguage":"de","@id":"https:\/\/www.menyegzom.hu\/de\/uber-uns\/#primaryimage","url":"https:\/\/www.menyegzom.hu\/wp-content\/uploads\/2024\/08\/VAA_1838-copy.jpg","contentUrl":"https:\/\/www.menyegzom.hu\/wp-content\/uploads\/2024\/08\/VAA_1838-copy.jpg"},{"@type":"BreadcrumbList","@id":"https:\/\/www.menyegzom.hu\/de\/uber-uns\/#breadcrumb","itemListElement":[{"@type":"ListItem","position":1,"name":"Kezd\u0151lap","item":"https:\/\/www.menyegzom.hu\/de\/"},{"@type":"ListItem","position":2,"name":"\u00dcber uns"}]},{"@type":"WebSite","@id":"https:\/\/www.menyegzom.hu\/#website","url":"https:\/\/www.menyegzom.hu\/","name":"Mennyegz\u0151m","description":"Professzion\u00e1lis fot\u00f3k \u00e9s vide\u00f3k","publisher":{"@id":"https:\/\/www.menyegzom.hu\/#organization"},"potentialAction":[{"@type":"SearchAction","target":{"@type":"EntryPoint","urlTemplate":"https:\/\/www.menyegzom.hu\/?s={search_term_string}"},"query-input":{"@type":"PropertyValueSpecification","valueRequired":true,"valueName":"search_term_string"}}],"inLanguage":"de"},{"@type":"Organization","@id":"https:\/\/www.menyegzom.hu\/#organization","name":"Mennyegz\u0151m","url":"https:\/\/www.menyegzom.hu\/","logo":{"@type":"ImageObject","inLanguage":"de","@id":"https:\/\/www.menyegzom.hu\/#\/schema\/logo\/image\/","url":"https:\/\/www.mennyegzom.hu\/wp-content\/uploads\/2024\/08\/favicon-mny.png","contentUrl":"https:\/\/www.mennyegzom.hu\/wp-content\/uploads\/2024\/08\/favicon-mny.png","width":512,"height":512,"caption":"Mennyegz\u0151m"},"image":{"@id":"https:\/\/www.menyegzom.hu\/#\/schema\/logo\/image\/"}}]}},"_links":{"self":[{"href":"https:\/\/www.menyegzom.hu\/de\/wp-json\/wp\/v2\/pages\/11459","targetHints":{"allow":["GET"]}}],"collection":[{"href":"https:\/\/www.menyegzom.hu\/de\/wp-json\/wp\/v2\/pages"}],"about":[{"href":"https:\/\/www.menyegzom.hu\/de\/wp-json\/wp\/v2\/types\/page"}],"author":[{"embeddable":true,"href":"https:\/\/www.menyegzom.hu\/de\/wp-json\/wp\/v2\/users\/2"}],"replies":[{"embeddable":true,"href":"https:\/\/www.menyegzom.hu\/de\/wp-json\/wp\/v2\/comments?post=11459"}],"version-history":[{"count":0,"href":"https:\/\/www.menyegzom.hu\/de\/wp-json\/wp\/v2\/pages\/11459\/revisions"}],"wp:attachment":[{"href":"https:\/\/www.menyegzom.hu\/de\/wp-json\/wp\/v2\/media?parent=11459"}],"curies":[{"name":"wp","href":"https:\/\/api.w.org\/{rel}","templated":true}]}}