{"id":11444,"date":"2024-08-11T15:38:47","date_gmt":"2024-08-11T13:38:47","guid":{"rendered":"https:\/\/www.mennyegzom.hu\/?page_id=11444"},"modified":"2024-09-06T21:36:16","modified_gmt":"2024-09-06T19:36:16","slug":"wedding-video","status":"publish","type":"page","link":"https:\/\/www.menyegzom.hu\/en\/wedding-video\/","title":{"rendered":"Wedding video"},"content":{"rendered":"\t\t<div data-elementor-type=\"wp-page\" data-elementor-id=\"11444\" class=\"elementor elementor-11444 elementor-102\" data-elementor-post-type=\"page\">\n\t\t\t\t<div class=\"elementor-element elementor-element-2b7d9aa e-con-full e-flex e-con e-parent\" data-id=\"2b7d9aa\" data-element_type=\"container\" data-e-type=\"container\" data-settings=\"{&quot;background_background&quot;:&quot;video&quot;,&quot;background_video_link&quot;:&quot;https:\\\/\\\/www.menyegzom.hu\\\/wp-content\\\/uploads\\\/2024\\\/08\\\/212698_small.mp4&quot;}\">\n\t\t<div class=\"elementor-background-video-container elementor-hidden-mobile\">\n\t\t\t\t\t\t\t<video class=\"elementor-background-video-hosted\" role=\"presentation\" autoplay muted playsinline loop><\/video>\n\t\t\t\t\t<\/div><div class=\"elementor-element elementor-element-d1b10d3 e-con-full e-flex e-con e-child\" data-id=\"d1b10d3\" data-element_type=\"container\" data-e-type=\"container\">\n\t\t\t\t<div class=\"elementor-element elementor-element-71ef6c8 elementor-widget elementor-widget-heading\" data-id=\"71ef6c8\" data-element_type=\"widget\" data-e-type=\"widget\" data-settings=\"{&quot;_animation&quot;:&quot;none&quot;,&quot;_animation_delay&quot;:200}\" data-widget_type=\"heading.default\">\n\t\t\t\t<div class=\"elementor-widget-container\">\n\t\t\t\t\t<h1 class=\"elementor-heading-title elementor-size-default\">Wedding video<\/h1>\t\t\t\t<\/div>\n\t\t\t\t<\/div>\n\t\t\t\t<div class=\"elementor-element elementor-element-eb98a79 elementor-widget elementor-widget-heading\" data-id=\"eb98a79\" data-element_type=\"widget\" data-e-type=\"widget\" data-settings=\"{&quot;_animation&quot;:&quot;none&quot;,&quot;_animation_delay&quot;:300}\" data-widget_type=\"heading.default\">\n\t\t\t\t<div class=\"elementor-widget-container\">\n\t\t\t\t\t<h4 class=\"elementor-heading-title elementor-size-default\">A film that recalls the most beautiful day of your life<\/h4>\t\t\t\t<\/div>\n\t\t\t\t<\/div>\n\t\t\t\t<\/div>\n\t\t\t\t<\/div>\n\t\t<div class=\"elementor-element elementor-element-afd49c8 e-flex e-con-boxed e-con e-parent\" data-id=\"afd49c8\" data-element_type=\"container\" data-e-type=\"container\">\n\t\t\t\t\t<div class=\"e-con-inner\">\n\t\t<div class=\"elementor-element elementor-element-5beac49 e-con-full e-flex e-con e-child\" data-id=\"5beac49\" data-element_type=\"container\" data-e-type=\"container\">\n\t\t<div class=\"elementor-element elementor-element-d9a8ce5 e-con-full e-flex elementor-invisible e-con e-child\" data-id=\"d9a8ce5\" data-element_type=\"container\" data-e-type=\"container\" data-settings=\"{&quot;animation&quot;:&quot;fadeIn&quot;,&quot;animation_delay&quot;:200}\">\n\t\t<div class=\"elementor-element elementor-element-1e91053 e-con-full e-flex e-con e-child\" data-id=\"1e91053\" data-element_type=\"container\" data-e-type=\"container\">\n\t\t\t\t<div class=\"elementor-element elementor-element-83f0948 elementor-widget elementor-widget-heading\" data-id=\"83f0948\" data-element_type=\"widget\" data-e-type=\"widget\" data-widget_type=\"heading.default\">\n\t\t\t\t<div class=\"elementor-widget-container\">\n\t\t\t\t\t<h6 class=\"elementor-heading-title elementor-size-default\">Wedding video<\/h6>\t\t\t\t<\/div>\n\t\t\t\t<\/div>\n\t\t\t\t<div class=\"elementor-element elementor-element-0ab2b72 elementor-widget elementor-widget-heading\" data-id=\"0ab2b72\" data-element_type=\"widget\" data-e-type=\"widget\" data-widget_type=\"heading.default\">\n\t\t\t\t<div class=\"elementor-widget-container\">\n\t\t\t\t\t<h2 class=\"elementor-heading-title elementor-size-default\">A video  that are natural, real, and full of emotion. Laughter, tears, and joy<\/h2>\t\t\t\t<\/div>\n\t\t\t\t<\/div>\n\t\t\t\t<\/div>\n\t\t\t\t<\/div>\n\t\t\t\t<\/div>\n\t\t<div class=\"elementor-element elementor-element-f9bc300 e-con-full e-flex e-con e-child\" data-id=\"f9bc300\" data-element_type=\"container\" data-e-type=\"container\">\n\t\t<div class=\"elementor-element elementor-element-09b03d2 e-con-full e-flex elementor-invisible e-con e-child\" data-id=\"09b03d2\" data-element_type=\"container\" data-e-type=\"container\" data-settings=\"{&quot;animation&quot;:&quot;fadeIn&quot;,&quot;animation_delay&quot;:200}\">\n\t\t<div class=\"elementor-element elementor-element-839834e e-con-full e-grid e-con e-child\" data-id=\"839834e\" data-element_type=\"container\" data-e-type=\"container\">\n\t\t\t\t<div class=\"elementor-element elementor-element-e241764 elementor-widget elementor-widget-video\" data-id=\"e241764\" data-element_type=\"widget\" data-e-type=\"widget\" data-settings=\"{&quot;video_type&quot;:&quot;vimeo&quot;}\" data-widget_type=\"video.default\">\n\t\t\t\t<div class=\"elementor-widget-container\">\n\t\t\t\t\t\t\t<div class=\"elementor-wrapper elementor-open-inline\">\n\t\t\t<iframe class=\"elementor-video-iframe\" allowfullscreen allow=\"clipboard-write\" title=\"vimeo Video Player\" src=\"https:\/\/player.vimeo.com\/video\/765885983?color&amp;autopause=0&amp;loop=0&amp;muted=0&amp;title=1&amp;portrait=1&amp;byline=1#t=\"><\/iframe>\t\t<\/div>\n\t\t\t\t\t\t<\/div>\n\t\t\t\t<\/div>\n\t\t\t\t<div class=\"elementor-element elementor-element-ce701de elementor-widget elementor-widget-video\" data-id=\"ce701de\" data-element_type=\"widget\" data-e-type=\"widget\" data-settings=\"{&quot;video_type&quot;:&quot;vimeo&quot;}\" data-widget_type=\"video.default\">\n\t\t\t\t<div class=\"elementor-widget-container\">\n\t\t\t\t\t\t\t<div class=\"elementor-wrapper elementor-open-inline\">\n\t\t\t<iframe class=\"elementor-video-iframe\" allowfullscreen allow=\"clipboard-write\" title=\"vimeo Video Player\" src=\"https:\/\/player.vimeo.com\/video\/765886417?color&amp;autopause=0&amp;loop=0&amp;muted=0&amp;title=1&amp;portrait=1&amp;byline=1#t=\"><\/iframe>\t\t<\/div>\n\t\t\t\t\t\t<\/div>\n\t\t\t\t<\/div>\n\t\t\t\t<div class=\"elementor-element elementor-element-4b50a2c elementor-widget elementor-widget-video\" data-id=\"4b50a2c\" data-element_type=\"widget\" data-e-type=\"widget\" data-settings=\"{&quot;video_type&quot;:&quot;vimeo&quot;}\" data-widget_type=\"video.default\">\n\t\t\t\t<div class=\"elementor-widget-container\">\n\t\t\t\t\t\t\t<div class=\"elementor-wrapper elementor-open-inline\">\n\t\t\t<iframe class=\"elementor-video-iframe\" allowfullscreen allow=\"clipboard-write\" title=\"vimeo Video Player\" src=\"https:\/\/player.vimeo.com\/video\/833036495?color&amp;autopause=0&amp;loop=0&amp;muted=0&amp;title=1&amp;portrait=1&amp;byline=1#t=\"><\/iframe>\t\t<\/div>\n\t\t\t\t\t\t<\/div>\n\t\t\t\t<\/div>\n\t\t\t\t<div class=\"elementor-element elementor-element-8ebc40a elementor-widget elementor-widget-video\" data-id=\"8ebc40a\" data-element_type=\"widget\" data-e-type=\"widget\" data-settings=\"{&quot;video_type&quot;:&quot;vimeo&quot;}\" data-widget_type=\"video.default\">\n\t\t\t\t<div class=\"elementor-widget-container\">\n\t\t\t\t\t\t\t<div class=\"elementor-wrapper elementor-open-inline\">\n\t\t\t<iframe class=\"elementor-video-iframe\" allowfullscreen allow=\"clipboard-write\" title=\"vimeo Video Player\" src=\"https:\/\/player.vimeo.com\/video\/851056974?color&amp;autopause=0&amp;loop=0&amp;muted=0&amp;title=1&amp;portrait=1&amp;byline=1#t=\"><\/iframe>\t\t<\/div>\n\t\t\t\t\t\t<\/div>\n\t\t\t\t<\/div>\n\t\t\t\t<\/div>\n\t\t\t\t<\/div>\n\t\t\t\t<\/div>\n\t\t\t\t\t<\/div>\n\t\t\t\t<\/div>\n\t\t\t\t<\/div>\n\t\t","protected":false},"excerpt":{"rendered":"<p>A film that recalls the most beautiful day of your life Wedding video A video that are natural, real, and full of emotion. Laughter, tears, and joy https:\/\/vimeo.com\/765885983https:\/\/vimeo.com\/765886417https:\/\/vimeo.com\/833036495https:\/\/vimeo.com\/851056974<\/p>\n","protected":false},"author":2,"featured_media":0,"parent":0,"menu_order":0,"comment_status":"closed","ping_status":"closed","template":"elementor_header_footer","meta":{"footnotes":""},"class_list":["post-11444","page","type-page","status-publish"],"yoast_head":"<!-- This site is optimized with the Yoast SEO plugin v27.5 - https:\/\/yoast.com\/product\/yoast-seo-wordpress\/ -->\n<title>Wedding video - Menyegz\u0151m<\/title>\n<meta name=\"robots\" content=\"index, follow, max-snippet:-1, max-image-preview:large, max-video-preview:-1\" \/>\n<link rel=\"canonical\" href=\"https:\/\/www.menyegzom.hu\/en\/wedding-video\/\" \/>\n<meta property=\"og:locale\" content=\"en_US\" \/>\n<meta property=\"og:type\" content=\"article\" \/>\n<meta property=\"og:title\" content=\"Wedding video - Menyegz\u0151m\" \/>\n<meta property=\"og:description\" content=\"A film that recalls the most beautiful day of your life Wedding video A video that are natural, real, and full of emotion. Laughter, tears, and joy https:\/\/vimeo.com\/765885983https:\/\/vimeo.com\/765886417https:\/\/vimeo.com\/833036495https:\/\/vimeo.com\/851056974\" \/>\n<meta property=\"og:url\" content=\"https:\/\/www.menyegzom.hu\/en\/wedding-video\/\" \/>\n<meta property=\"og:site_name\" content=\"Menyegz\u0151m\" \/>\n<meta property=\"article:modified_time\" content=\"2024-09-06T19:36:16+00:00\" \/>\n<meta name=\"twitter:card\" content=\"summary_large_image\" \/>\n<meta name=\"twitter:label1\" content=\"Est. reading time\" \/>\n\t<meta name=\"twitter:data1\" content=\"1 minute\" \/>\n<script type=\"application\/ld+json\" class=\"yoast-schema-graph\">{\"@context\":\"https:\\\/\\\/schema.org\",\"@graph\":[{\"@type\":\"WebPage\",\"@id\":\"https:\\\/\\\/www.menyegzom.hu\\\/en\\\/wedding-video\\\/\",\"url\":\"https:\\\/\\\/www.menyegzom.hu\\\/en\\\/wedding-video\\\/\",\"name\":\"Wedding video - Menyegz\u0151m\",\"isPartOf\":{\"@id\":\"https:\\\/\\\/www.menyegzom.hu\\\/#website\"},\"datePublished\":\"2024-08-11T13:38:47+00:00\",\"dateModified\":\"2024-09-06T19:36:16+00:00\",\"breadcrumb\":{\"@id\":\"https:\\\/\\\/www.menyegzom.hu\\\/en\\\/wedding-video\\\/#breadcrumb\"},\"inLanguage\":\"en-US\",\"potentialAction\":[{\"@type\":\"ReadAction\",\"target\":[\"https:\\\/\\\/www.menyegzom.hu\\\/en\\\/wedding-video\\\/\"]}]},{\"@type\":\"BreadcrumbList\",\"@id\":\"https:\\\/\\\/www.menyegzom.hu\\\/en\\\/wedding-video\\\/#breadcrumb\",\"itemListElement\":[{\"@type\":\"ListItem\",\"position\":1,\"name\":\"Kezd\u0151lap\",\"item\":\"https:\\\/\\\/www.menyegzom.hu\\\/de\\\/\"},{\"@type\":\"ListItem\",\"position\":2,\"name\":\"Wedding video\"}]},{\"@type\":\"WebSite\",\"@id\":\"https:\\\/\\\/www.menyegzom.hu\\\/#website\",\"url\":\"https:\\\/\\\/www.menyegzom.hu\\\/\",\"name\":\"Mennyegz\u0151m\",\"description\":\"Professzion\u00e1lis fot\u00f3k \u00e9s vide\u00f3k\",\"publisher\":{\"@id\":\"https:\\\/\\\/www.menyegzom.hu\\\/#organization\"},\"potentialAction\":[{\"@type\":\"SearchAction\",\"target\":{\"@type\":\"EntryPoint\",\"urlTemplate\":\"https:\\\/\\\/www.menyegzom.hu\\\/?s={search_term_string}\"},\"query-input\":{\"@type\":\"PropertyValueSpecification\",\"valueRequired\":true,\"valueName\":\"search_term_string\"}}],\"inLanguage\":\"en-US\"},{\"@type\":\"Organization\",\"@id\":\"https:\\\/\\\/www.menyegzom.hu\\\/#organization\",\"name\":\"Mennyegz\u0151m\",\"url\":\"https:\\\/\\\/www.menyegzom.hu\\\/\",\"logo\":{\"@type\":\"ImageObject\",\"inLanguage\":\"en-US\",\"@id\":\"https:\\\/\\\/www.menyegzom.hu\\\/#\\\/schema\\\/logo\\\/image\\\/\",\"url\":\"https:\\\/\\\/www.mennyegzom.hu\\\/wp-content\\\/uploads\\\/2024\\\/08\\\/favicon-mny.png\",\"contentUrl\":\"https:\\\/\\\/www.mennyegzom.hu\\\/wp-content\\\/uploads\\\/2024\\\/08\\\/favicon-mny.png\",\"width\":512,\"height\":512,\"caption\":\"Mennyegz\u0151m\"},\"image\":{\"@id\":\"https:\\\/\\\/www.menyegzom.hu\\\/#\\\/schema\\\/logo\\\/image\\\/\"}}]}<\/script>\n<!-- \/ Yoast SEO plugin. -->","yoast_head_json":{"title":"Wedding video - Menyegz\u0151m","robots":{"index":"index","follow":"follow","max-snippet":"max-snippet:-1","max-image-preview":"max-image-preview:large","max-video-preview":"max-video-preview:-1"},"canonical":"https:\/\/www.menyegzom.hu\/en\/wedding-video\/","og_locale":"en_US","og_type":"article","og_title":"Wedding video - Menyegz\u0151m","og_description":"A film that recalls the most beautiful day of your life Wedding video A video that are natural, real, and full of emotion. Laughter, tears, and joy https:\/\/vimeo.com\/765885983https:\/\/vimeo.com\/765886417https:\/\/vimeo.com\/833036495https:\/\/vimeo.com\/851056974","og_url":"https:\/\/www.menyegzom.hu\/en\/wedding-video\/","og_site_name":"Menyegz\u0151m","article_modified_time":"2024-09-06T19:36:16+00:00","twitter_card":"summary_large_image","twitter_misc":{"Est. reading time":"1 minute"},"schema":{"@context":"https:\/\/schema.org","@graph":[{"@type":"WebPage","@id":"https:\/\/www.menyegzom.hu\/en\/wedding-video\/","url":"https:\/\/www.menyegzom.hu\/en\/wedding-video\/","name":"Wedding video - Menyegz\u0151m","isPartOf":{"@id":"https:\/\/www.menyegzom.hu\/#website"},"datePublished":"2024-08-11T13:38:47+00:00","dateModified":"2024-09-06T19:36:16+00:00","breadcrumb":{"@id":"https:\/\/www.menyegzom.hu\/en\/wedding-video\/#breadcrumb"},"inLanguage":"en-US","potentialAction":[{"@type":"ReadAction","target":["https:\/\/www.menyegzom.hu\/en\/wedding-video\/"]}]},{"@type":"BreadcrumbList","@id":"https:\/\/www.menyegzom.hu\/en\/wedding-video\/#breadcrumb","itemListElement":[{"@type":"ListItem","position":1,"name":"Kezd\u0151lap","item":"https:\/\/www.menyegzom.hu\/de\/"},{"@type":"ListItem","position":2,"name":"Wedding video"}]},{"@type":"WebSite","@id":"https:\/\/www.menyegzom.hu\/#website","url":"https:\/\/www.menyegzom.hu\/","name":"Mennyegz\u0151m","description":"Professzion\u00e1lis fot\u00f3k \u00e9s vide\u00f3k","publisher":{"@id":"https:\/\/www.menyegzom.hu\/#organization"},"potentialAction":[{"@type":"SearchAction","target":{"@type":"EntryPoint","urlTemplate":"https:\/\/www.menyegzom.hu\/?s={search_term_string}"},"query-input":{"@type":"PropertyValueSpecification","valueRequired":true,"valueName":"search_term_string"}}],"inLanguage":"en-US"},{"@type":"Organization","@id":"https:\/\/www.menyegzom.hu\/#organization","name":"Mennyegz\u0151m","url":"https:\/\/www.menyegzom.hu\/","logo":{"@type":"ImageObject","inLanguage":"en-US","@id":"https:\/\/www.menyegzom.hu\/#\/schema\/logo\/image\/","url":"https:\/\/www.mennyegzom.hu\/wp-content\/uploads\/2024\/08\/favicon-mny.png","contentUrl":"https:\/\/www.mennyegzom.hu\/wp-content\/uploads\/2024\/08\/favicon-mny.png","width":512,"height":512,"caption":"Mennyegz\u0151m"},"image":{"@id":"https:\/\/www.menyegzom.hu\/#\/schema\/logo\/image\/"}}]}},"_links":{"self":[{"href":"https:\/\/www.menyegzom.hu\/en\/wp-json\/wp\/v2\/pages\/11444","targetHints":{"allow":["GET"]}}],"collection":[{"href":"https:\/\/www.menyegzom.hu\/en\/wp-json\/wp\/v2\/pages"}],"about":[{"href":"https:\/\/www.menyegzom.hu\/en\/wp-json\/wp\/v2\/types\/page"}],"author":[{"embeddable":true,"href":"https:\/\/www.menyegzom.hu\/en\/wp-json\/wp\/v2\/users\/2"}],"replies":[{"embeddable":true,"href":"https:\/\/www.menyegzom.hu\/en\/wp-json\/wp\/v2\/comments?post=11444"}],"version-history":[{"count":0,"href":"https:\/\/www.menyegzom.hu\/en\/wp-json\/wp\/v2\/pages\/11444\/revisions"}],"wp:attachment":[{"href":"https:\/\/www.menyegzom.hu\/en\/wp-json\/wp\/v2\/media?parent=11444"}],"curies":[{"name":"wp","href":"https:\/\/api.w.org\/{rel}","templated":true}]}}